{"id":115,"date":"2019-01-27T14:25:33","date_gmt":"2019-01-27T14:25:33","guid":{"rendered":"https:\/\/coaching-studer.ch\/?page_id=115"},"modified":"2019-01-27T21:17:01","modified_gmt":"2019-01-27T21:17:01","slug":"startseite","status":"publish","type":"page","link":"https:\/\/coaching-studer.ch\/","title":{"rendered":"Gr\u00fcezi"},"content":{"rendered":"<p>Ich bin Dipl. Coach SCA , Ausbilder und betrieblicher Mentor mit eidg. FA sowie Resilienztrainer.<\/p>\n<p>Wollen Sie etwas in Ihrem Leben ver\u00e4ndern? Dann unterst\u00fctze ich Sie gerne in Ihrem pers\u00f6nlichen Prozess.<\/p>\n\n\n<p><\/p>\n","protected":false},"excerpt":{"rendered":"<p>Ich bin Dipl. Coach SCA , Ausbilder und betrieblicher Mentor mit eidg. FA sowie Resilienztrainer. Wollen Sie etwas in Ihrem Leben ver\u00e4ndern? Dann unterst\u00fctze ich Sie gerne in Ihrem pers\u00f6nlichen Prozess.<\/p>\n","protected":false},"author":1,"featured_media":0,"parent":0,"menu_order":0,"comment_status":"closed","ping_status":"closed","template":"","meta":[],"_links":{"self":[{"href":"https:\/\/coaching-studer.ch\/index.php?rest_route=\/wp\/v2\/pages\/115"}],"collection":[{"href":"https:\/\/coaching-studer.ch\/index.php?rest_route=\/wp\/v2\/pages"}],"about":[{"href":"https:\/\/coaching-studer.ch\/index.php?rest_route=\/wp\/v2\/types\/page"}],"author":[{"embeddable":true,"href":"https:\/\/coaching-studer.ch\/index.php?rest_route=\/wp\/v2\/users\/1"}],"replies":[{"embeddable":true,"href":"https:\/\/coaching-studer.ch\/index.php?rest_route=%2Fwp%2Fv2%2Fcomments&post=115"}],"version-history":[{"count":5,"href":"https:\/\/coaching-studer.ch\/index.php?rest_route=\/wp\/v2\/pages\/115\/revisions"}],"predecessor-version":[{"id":242,"href":"https:\/\/coaching-studer.ch\/index.php?rest_route=\/wp\/v2\/pages\/115\/revisions\/242"}],"wp:attachment":[{"href":"https:\/\/coaching-studer.ch\/index.php?rest_route=%2Fwp%2Fv2%2Fmedia&parent=115"}],"curies":[{"name":"wp","href":"https:\/\/api.w.org\/{rel}","templated":true}]}}