{"id":196,"date":"2019-01-27T18:41:07","date_gmt":"2019-01-27T18:41:07","guid":{"rendered":"https:\/\/coaching-studer.ch\/?page_id=196"},"modified":"2019-01-27T21:22:59","modified_gmt":"2019-01-27T21:22:59","slug":"mentoring","status":"publish","type":"page","link":"https:\/\/coaching-studer.ch\/?page_id=196","title":{"rendered":"Mentoring"},"content":{"rendered":"\n<p>Betriebliches Mentoring erm\u00f6glicht Mitarbeitenden betriebsintern eine berufliche Standortbestimmung und das Erarbeiten einer pers\u00f6nlichen Entwicklungsstrategie. <\/p>\n\n\n\n<p>Als betrieblicher Mentor mit eidg. FA und langj\u00e4hriger Ausbilder im Gesundheitswesen kann ich diesen Prozess insbesondere in Gesundheitsbetrieben zielgerichtet und kompetent begleiten.<\/p>\n\n\n\n<p><\/p>\n","protected":false},"excerpt":{"rendered":"<p>Betriebliches Mentoring erm\u00f6glicht Mitarbeitenden betriebsintern eine berufliche Standortbestimmung und das Erarbeiten einer pers\u00f6nlichen Entwicklungsstrategie. Als betrieblicher Mentor mit eidg. FA und langj\u00e4hriger Ausbilder im Gesundheitswesen kann ich diesen Prozess insbesondere in Gesundheitsbetrieben zielgerichtet und kompetent begleiten.<\/p>\n","protected":false},"author":1,"featured_media":0,"parent":0,"menu_order":0,"comment_status":"closed","ping_status":"closed","template":"","meta":[],"_links":{"self":[{"href":"https:\/\/coaching-studer.ch\/index.php?rest_route=\/wp\/v2\/pages\/196"}],"collection":[{"href":"https:\/\/coaching-studer.ch\/index.php?rest_route=\/wp\/v2\/pages"}],"about":[{"href":"https:\/\/coaching-studer.ch\/index.php?rest_route=\/wp\/v2\/types\/page"}],"author":[{"embeddable":true,"href":"https:\/\/coaching-studer.ch\/index.php?rest_route=\/wp\/v2\/users\/1"}],"replies":[{"embeddable":true,"href":"https:\/\/coaching-studer.ch\/index.php?rest_route=%2Fwp%2Fv2%2Fcomments&post=196"}],"version-history":[{"count":4,"href":"https:\/\/coaching-studer.ch\/index.php?rest_route=\/wp\/v2\/pages\/196\/revisions"}],"predecessor-version":[{"id":246,"href":"https:\/\/coaching-studer.ch\/index.php?rest_route=\/wp\/v2\/pages\/196\/revisions\/246"}],"wp:attachment":[{"href":"https:\/\/coaching-studer.ch\/index.php?rest_route=%2Fwp%2Fv2%2Fmedia&parent=196"}],"curies":[{"name":"wp","href":"https:\/\/api.w.org\/{rel}","templated":true}]}}