{"id":197,"date":"2019-01-27T18:23:46","date_gmt":"2019-01-27T18:23:46","guid":{"rendered":"https:\/\/coaching-studer.ch\/?page_id=197"},"modified":"2019-01-27T21:24:04","modified_gmt":"2019-01-27T21:24:04","slug":"resilienztraining","status":"publish","type":"page","link":"https:\/\/coaching-studer.ch\/?page_id=197","title":{"rendered":"Resilienztraining"},"content":{"rendered":"\n<p>Resiliente Menschen sind in der Lage, die eigenen Ressourcen situationsgerecht zu mobilisieren und so auch schwierige Lebensumst\u00e4nde zu bew\u00e4ltigen. <\/p>\n\n\n\n<p>Als Resilienztrainer unterst\u00fctze ich Sie dabei, Ihre pers\u00f6nlichen Kraftquellen zu erschliessen, zu pflegen und auszubauen.<\/p>\n\n\n\n<p><\/p>\n","protected":false},"excerpt":{"rendered":"<p>Resiliente Menschen sind in der Lage, die eigenen Ressourcen situationsgerecht zu mobilisieren und so auch schwierige Lebensumst\u00e4nde zu bew\u00e4ltigen. Als Resilienztrainer unterst\u00fctze ich Sie dabei, Ihre pers\u00f6nlichen Kraftquellen zu erschliessen, zu pflegen und auszubauen.<\/p>\n","protected":false},"author":1,"featured_media":0,"parent":0,"menu_order":0,"comment_status":"closed","ping_status":"closed","template":"","meta":[],"_links":{"self":[{"href":"https:\/\/coaching-studer.ch\/index.php?rest_route=\/wp\/v2\/pages\/197"}],"collection":[{"href":"https:\/\/coaching-studer.ch\/index.php?rest_route=\/wp\/v2\/pages"}],"about":[{"href":"https:\/\/coaching-studer.ch\/index.php?rest_route=\/wp\/v2\/types\/page"}],"author":[{"embeddable":true,"href":"https:\/\/coaching-studer.ch\/index.php?rest_route=\/wp\/v2\/users\/1"}],"replies":[{"embeddable":true,"href":"https:\/\/coaching-studer.ch\/index.php?rest_route=%2Fwp%2Fv2%2Fcomments&post=197"}],"version-history":[{"count":4,"href":"https:\/\/coaching-studer.ch\/index.php?rest_route=\/wp\/v2\/pages\/197\/revisions"}],"predecessor-version":[{"id":248,"href":"https:\/\/coaching-studer.ch\/index.php?rest_route=\/wp\/v2\/pages\/197\/revisions\/248"}],"wp:attachment":[{"href":"https:\/\/coaching-studer.ch\/index.php?rest_route=%2Fwp%2Fv2%2Fmedia&parent=197"}],"curies":[{"name":"wp","href":"https:\/\/api.w.org\/{rel}","templated":true}]}}