{"id":208,"date":"2019-01-27T18:46:27","date_gmt":"2019-01-27T18:46:27","guid":{"rendered":"https:\/\/coaching-studer.ch\/?page_id=208"},"modified":"2019-01-27T21:19:43","modified_gmt":"2019-01-27T21:19:43","slug":"coaching","status":"publish","type":"page","link":"https:\/\/coaching-studer.ch\/?page_id=208","title":{"rendered":"Coaching"},"content":{"rendered":"\n<p>Sie suchen Ver\u00e4nderung im beruflichen oder privaten Umfeld?<br>Sie m\u00f6chten eine besondere Herausforderung meistern?<br>Sie wollen besser mit Stress umgehen und achtsamer durchs Leben gehen?<\/p>\n\n\n\n<p>Als dipl. Coach SCA unterst\u00fctze ich Sie dabei, Ihre Gedanken zu ordnen. Mit geeigneten Instrumenten moderiere ich Ihren pers\u00f6nlichen Prozess. So kommen Sie zielgerichtet zu neuen L\u00f6sungen, die f\u00fcr Sie passen.<\/p>\n","protected":false},"excerpt":{"rendered":"<p>Sie suchen Ver\u00e4nderung im beruflichen oder privaten Umfeld?Sie m\u00f6chten eine besondere Herausforderung meistern?Sie wollen besser mit Stress umgehen und achtsamer durchs Leben gehen? Als dipl. Coach SCA unterst\u00fctze ich Sie dabei, Ihre Gedanken zu ordnen. Mit geeigneten Instrumenten moderiere ich Ihren pers\u00f6nlichen Prozess. So kommen Sie zielgerichtet zu neuen L\u00f6sungen, die f\u00fcr Sie passen.<\/p>\n","protected":false},"author":1,"featured_media":0,"parent":0,"menu_order":0,"comment_status":"closed","ping_status":"closed","template":"","meta":[],"_links":{"self":[{"href":"https:\/\/coaching-studer.ch\/index.php?rest_route=\/wp\/v2\/pages\/208"}],"collection":[{"href":"https:\/\/coaching-studer.ch\/index.php?rest_route=\/wp\/v2\/pages"}],"about":[{"href":"https:\/\/coaching-studer.ch\/index.php?rest_route=\/wp\/v2\/types\/page"}],"author":[{"embeddable":true,"href":"https:\/\/coaching-studer.ch\/index.php?rest_route=\/wp\/v2\/users\/1"}],"replies":[{"embeddable":true,"href":"https:\/\/coaching-studer.ch\/index.php?rest_route=%2Fwp%2Fv2%2Fcomments&post=208"}],"version-history":[{"count":5,"href":"https:\/\/coaching-studer.ch\/index.php?rest_route=\/wp\/v2\/pages\/208\/revisions"}],"predecessor-version":[{"id":245,"href":"https:\/\/coaching-studer.ch\/index.php?rest_route=\/wp\/v2\/pages\/208\/revisions\/245"}],"wp:attachment":[{"href":"https:\/\/coaching-studer.ch\/index.php?rest_route=%2Fwp%2Fv2%2Fmedia&parent=208"}],"curies":[{"name":"wp","href":"https:\/\/api.w.org\/{rel}","templated":true}]}}